{"id":1835,"date":"2026-02-28T15:07:08","date_gmt":"2026-02-28T14:07:08","guid":{"rendered":"https:\/\/elodiebarreaccompagnement-energetique.fr\/?page_id=1835"},"modified":"2026-04-04T20:31:17","modified_gmt":"2026-04-04T18:31:17","slug":"a-distance","status":"publish","type":"page","link":"https:\/\/elodiebarreaccompagnement-energetique.fr\/a-distance\/","title":{"rendered":"\u00c0 distance"},"content":{"rendered":"\n<div class=\"wp-block-uagb-buttons uagb-buttons__outer-wrap uagb-btn__default-btn uagb-btn-tablet__default-btn uagb-btn-mobile__default-btn uagb-block-6db9a3cc\"><div class=\"uagb-buttons__wrap uagb-buttons-layout-wrap \">\n<div class=\"wp-block-uagb-buttons-child uagb-buttons__outer-wrap uagb-block-e5f9224e wp-block-button\"><div class=\"uagb-button__wrapper\"><a class=\"uagb-buttons-repeater wp-block-button__link\" aria-label=\"\" href=\"\/\/elodiebarreaccompagnementenergetique.setmore.com\/\" rel=\"follow noopener\" target=\"_blank\" role=\"button\"><div class=\"uagb-button__link\">Prendre rendez-vous<\/div><\/a><\/div><\/div>\n<\/div><\/div>\n\n\n\n<p class=\"has-ast-global-color-4-color has-text-color has-link-color wp-elements-52d8b7e57e77b15b7ea529e6d9b9383b\">.<\/p>\n\n\n\n<h2 class=\"wp-block-heading has-text-align-center has-ast-global-color-3-color has-text-color has-link-color wp-elements-0a639733b5275f7d0f881e2272d73fdf\" style=\"font-size:25px\"><strong>Soins \u00e9nerg\u00e9tiques \u00e0 distance<\/strong><br><strong>France enti\u00e8re<\/strong><\/h2>\n\n\n\n<p class=\"has-text-align-center\">Je propose des <strong>soins \u00e9nerg\u00e9tiques <\/strong><br><strong>\u00e0 distance<\/strong> pour les <strong>adultes<\/strong> et les <strong>mineurs<\/strong>, partout en <strong>France<\/strong>.<\/p>\n\n\n\n<p class=\"has-text-align-center\"><strong>Ancienne infirmi\u00e8re<\/strong>, <br>j\u2019accompagne celles et ceux qui souhaitent <strong>avancer<\/strong>, <strong>se recentrer<\/strong> <br>ou retrouver un <strong>nouvel \u00e9lan<\/strong>, <br>sans contrainte g\u00e9ographique.<\/p>\n\n\n\n<p class=\"has-text-align-center\">Les soins \u00e9nerg\u00e9tiques \u00e0 distance <br>sont propos\u00e9s <strong>du mardi au vendredi<\/strong>, <br><strong>sur rendez-vous<\/strong>.<\/p>\n\n\n\n<p class=\"has-ast-global-color-4-color has-text-color has-link-color wp-elements-52d8b7e57e77b15b7ea529e6d9b9383b\">.<\/p>\n\n\n\n<div class=\"wp-block-group has-ast-global-color-5-background-color has-background is-layout-constrained wp-block-group-is-layout-constrained\" style=\"border-radius:10px\">\n<h3 class=\"wp-block-heading has-text-align-center has-ast-global-color-3-color has-text-color has-link-color has-medium-font-size wp-elements-846649099294311a5cb067a6e8e1f3f7\"><strong>Pour qui ?<\/strong><\/h3>\n\n\n\n<ul>\n<li>Nourrissons et jeunes enfants<\/li>\n\n\n\n<li>Enfants et adolescents<\/li>\n\n\n\n<li>Adultes<\/li>\n\n\n\n<li>Sportifs et dirigeants<\/li>\n<\/ul>\n\n\n\n<p>Le soin \u00e0 distance s\u2019adapte \u00e0 votre rythme et \u00e0 votre situation, comme au cabinet.<\/p>\n<\/div>\n\n\n\n<p class=\"has-ast-global-color-4-color has-text-color has-link-color wp-elements-52d8b7e57e77b15b7ea529e6d9b9383b\">.<\/p>\n\n\n\n<div class=\"wp-block-group has-ast-global-color-5-background-color has-background is-layout-constrained wp-block-group-is-layout-constrained\" style=\"border-radius:10px\">\n<h3 class=\"wp-block-heading has-text-align-center has-medium-font-size\">Pourquoi venir ?<\/h3>\n\n\n\n<ul>\n<li>Stress, fatigue, surcharge mentale<\/li>\n\n\n\n<li>Anxi\u00e9t\u00e9, \u00e9motions envahissantes<\/li>\n\n\n\n<li>Troubles du sommeil<\/li>\n\n\n\n<li>Blocages, difficult\u00e9 \u00e0 avancer<\/li>\n\n\n\n<li>Deuil, s\u00e9paration<\/li>\n\n\n\n<li>Mal-\u00eatre, perte d\u2019\u00e9lan<\/li>\n\n\n\n<li>Manque de clart\u00e9, perte de rep\u00e8res<\/li>\n\n\n\n<li>Transitions de vie, changements<\/li>\n\n\n\n<li>Liste non exhaustive &#8230;<\/li>\n<\/ul>\n<\/div>\n\n\n\n<p class=\"has-ast-global-color-4-color has-text-color has-link-color wp-elements-4c0d4c5ee421ded3f1f9726e86778b4c\">&#8230;<\/p>\n\n\n\n<p><\/p>\n\n\n\n<div class=\"wp-block-group has-ast-global-color-5-background-color has-background is-layout-constrained wp-block-group-is-layout-constrained\" style=\"border-radius:10px\">\n<h3 class=\"wp-block-heading has-text-align-center has-ast-global-color-3-color has-text-color has-link-color has-medium-font-size wp-elements-c12b6a9981c4e0ad74e65107f1cd2104\"><strong>Comment se d\u00e9roule <\/strong><br><strong>un soin \u00e0 distance ?<\/strong><\/h3>\n\n\n\n<p>\u00c0 l\u2019heure du rendez-vous, nous \u00e9changeons <strong>par t\u00e9l\u00e9phone<\/strong> afin de poser votre intention et de faire le point sur votre situation.<\/p>\n\n\n\n<p>Vous m\u2019envoyez une <strong>photo r\u00e9cente<\/strong>, habill\u00e9(e), de plein pied. Elle est supprim\u00e9e apr\u00e8s le soin.<\/p>\n\n\n\n<p>Une fois l\u2019\u00e9change termin\u00e9, vous vous installez dans un <strong>endroit calme, sans activit\u00e9<\/strong>. Le travail \u00e9nerg\u00e9tique se r\u00e9alise <strong>\u00e0 distance<\/strong>. Vous pouvez me joindre si n\u00e9cessaire pendant la s\u00e9ance.<\/p>\n\n\n\n<p>Un temps d\u2019<strong>\u00e9change<\/strong> cl\u00f4ture ensuite le soin, afin d\u2019int\u00e9grer ce qui a \u00e9merg\u00e9 et de faire le point, comme au cabinet.<\/p>\n<\/div>\n\n\n\n<p class=\"has-ast-global-color-4-color has-text-color has-link-color wp-elements-52d8b7e57e77b15b7ea529e6d9b9383b\">.<\/p>\n\n\n\n<div class=\"wp-block-group has-ast-global-color-5-background-color has-background is-layout-constrained wp-block-group-is-layout-constrained\" style=\"border-radius:10px\">\n<h3 class=\"wp-block-heading has-text-align-center has-ast-global-color-3-color has-text-color has-link-color has-medium-font-size wp-elements-a6f4ef3f586b97c52df6c838816a1687\"><strong>Dur\u00e9e<\/strong>, <strong>tarifs <\/strong><br>et moyens de paiement<\/h3>\n\n\n\n<p><strong>S\u00e9ance \u00e0 distance<br><\/strong>Environ 1 heure \u2013 50 \u20ac<\/p>\n\n\n\n<p class=\"has-text-align-center\" style=\"font-size:15px\"><strong>Le r\u00e8glement est obligatoire <\/strong><br><strong>au moment de la r\u00e9servation, <\/strong><br><strong>directement via la plateforme en ligne.<\/strong><\/p>\n\n\n\n<p class=\"has-ast-global-color-4-color has-text-color has-link-color wp-elements-52d8b7e57e77b15b7ea529e6d9b9383b\">.<\/p>\n\n\n\n<figure class=\"wp-block-image aligncenter size-large is-resized has-custom-border\"><img loading=\"lazy\" decoding=\"async\" width=\"1024\" height=\"1024\" src=\"https:\/\/elodiebarreaccompagnement-energetique.fr\/wp-content\/uploads\/2026\/03\/soins_energetique_distance_france_emotionnel-1024x1024.png\" alt=\"meilleure \u00e9nerg\u00e9ticienne \u00e0 distance _ France enti\u00e8re\" class=\"has-border-color wp-image-2186\" style=\"border-color:#68735a;border-width:4px;border-radius:34px;width:500px\" srcset=\"https:\/\/elodiebarreaccompagnement-energetique.fr\/wp-content\/uploads\/2026\/03\/soins_energetique_distance_france_emotionnel-1024x1024.png 1024w, https:\/\/elodiebarreaccompagnement-energetique.fr\/wp-content\/uploads\/2026\/03\/soins_energetique_distance_france_emotionnel-300x300.png 300w, https:\/\/elodiebarreaccompagnement-energetique.fr\/wp-content\/uploads\/2026\/03\/soins_energetique_distance_france_emotionnel-150x150.png 150w, https:\/\/elodiebarreaccompagnement-energetique.fr\/wp-content\/uploads\/2026\/03\/soins_energetique_distance_france_emotionnel-768x768.png 768w, https:\/\/elodiebarreaccompagnement-energetique.fr\/wp-content\/uploads\/2026\/03\/soins_energetique_distance_france_emotionnel-600x600.png 600w, https:\/\/elodiebarreaccompagnement-energetique.fr\/wp-content\/uploads\/2026\/03\/soins_energetique_distance_france_emotionnel-100x100.png 100w, https:\/\/elodiebarreaccompagnement-energetique.fr\/wp-content\/uploads\/2026\/03\/soins_energetique_distance_france_emotionnel.png 1080w\" sizes=\"(max-width: 1024px) 100vw, 1024px\" \/><\/figure>\n<\/div>\n\n\n\n<p class=\"has-ast-global-color-4-color has-text-color has-link-color wp-elements-52d8b7e57e77b15b7ea529e6d9b9383b\">.<\/p>\n\n\n\n<div class=\"wp-block-group has-ast-global-color-5-background-color has-background is-layout-constrained wp-block-group-is-layout-constrained\" style=\"border-radius:10px\">\n<h3 class=\"wp-block-heading has-text-align-center has-ast-global-color-3-color has-text-color has-link-color has-medium-font-size wp-elements-d2d1aa13c08d14b9ffee9f021275d347\">Pourquoi choisir <br>le soin \u00e0 distance ?<\/h3>\n\n\n\n<p>Le travail \u00e9nerg\u00e9tique ne d\u00e9pend pas de la pr\u00e9sence physique.<br>Il s\u2019appuie sur la <strong>connexion<\/strong> et sur le <strong>champ \u00e9lectromagn\u00e9tique<\/strong>, m\u00eame lorsque nous sommes \u00e0 distance.<\/p>\n\n\n\n<p>Certaines personnes choisissent cette formule parce qu\u2019elles vivent <strong>loin<\/strong>, <strong>ne peuvent pas se d\u00e9placer<\/strong> ou souhaitent simplement b\u00e9n\u00e9ficier d\u2019un accompagnement depuis leur <strong>propre espace<\/strong>.<\/p>\n<\/div>\n\n\n\n<p class=\"has-ast-global-color-4-color has-text-color has-link-color wp-elements-52d8b7e57e77b15b7ea529e6d9b9383b\">.<\/p>\n\n\n\n<div class=\"wp-block-group has-ast-global-color-5-background-color has-background is-layout-constrained wp-block-group-is-layout-constrained\" style=\"border-radius:10px\">\n<h3 class=\"wp-block-heading has-text-align-center has-ast-global-color-3-color has-text-color has-link-color has-medium-font-size wp-elements-b61b7f5a86bad8a47254b15b045cdca4\">Prendre rendez-vous <br>\u00e0 distance<\/h3>\n\n\n\n<p>Les cr\u00e9neaux sont accessibles sur r\u00e9servation en ligne.<\/p>\n\n\n\n<p class=\"has-text-align-center has-ast-global-color-4-color has-ast-global-color-2-background-color has-text-color has-background has-link-color has-medium-font-size wp-elements-7489f8f83c4f7837a73dfd18d6a30f06\"><strong><a href=\"https:\/\/elodiebarreaccompagnementenergetique.setmore.com\/\" target=\"_blank\" rel=\"noopener\" title=\"\">Consulter les disponibilit\u00e9s<\/a><\/strong><\/p>\n<\/div>\n\n\n\n<p class=\"has-ast-global-color-4-color has-text-color has-link-color wp-elements-52d8b7e57e77b15b7ea529e6d9b9383b\">.<\/p>\n\n\n\n<div class=\"wp-block-uagb-buttons uagb-buttons__outer-wrap uagb-btn__default-btn uagb-btn-tablet__default-btn uagb-btn-mobile__default-btn uagb-block-e26cd439\"><div class=\"uagb-buttons__wrap uagb-buttons-layout-wrap \">\n<div class=\"wp-block-uagb-buttons-child uagb-buttons__outer-wrap uagb-block-425397f0 wp-block-button\"><div class=\"uagb-button__wrapper\"><a class=\"uagb-buttons-repeater wp-block-button__link\" aria-label=\"\" href=\"https:\/\/elodiebarreaccompagnement-energetique.fr\/?page_id=1838\" rel=\"follow noopener\" target=\"_blank\" role=\"button\"><div class=\"uagb-button__link\">Consulter la FAQ <br><br>(Foire Aux Questions)<\/div><\/a><\/div><\/div>\n<\/div><\/div>\n\n\n\n<p class=\"has-ast-global-color-4-color has-text-color has-link-color wp-elements-52d8b7e57e77b15b7ea529e6d9b9383b\">.<\/p>\n\n\n\n<p class=\"has-ast-global-color-4-color has-text-color has-link-color wp-elements-52d8b7e57e77b15b7ea529e6d9b9383b\">.<\/p>\n\n\n\n<p class=\"has-ast-global-color-4-color has-text-color has-link-color wp-elements-52d8b7e57e77b15b7ea529e6d9b9383b\">.<\/p>\n\n\n\n<p class=\"has-text-align-center\">\u26a0 Les soins \u00e9nerg\u00e9tiques ne remplacent pas un suivi m\u00e9dical ou psychologique.<\/p>\n","protected":false},"excerpt":{"rendered":"<p>. Soins \u00e9nerg\u00e9tiques \u00e0 distanceFrance enti\u00e8re Je propose des soins \u00e9nerg\u00e9tiques \u00e0 distance pour les adultes et les mineurs, partout en France. Ancienne infirmi\u00e8re, j\u2019accompagne celles et ceux qui souhaitent avancer, se recentrer ou retrouver un nouvel \u00e9lan, sans contrainte g\u00e9ographique. Les soins \u00e9nerg\u00e9tiques \u00e0 distance sont propos\u00e9s du mardi au vendredi, sur rendez-vous. . [&hellip;]<\/p>\n","protected":false},"author":1,"featured_media":0,"parent":0,"menu_order":0,"comment_status":"closed","ping_status":"closed","template":"","meta":{"_uag_custom_page_level_css":"","site-sidebar-layout":"default","site-content-layout":"","ast-site-content-layout":"default","site-content-style":"default","site-sidebar-style":"default","ast-global-header-display":"","ast-banner-title-visibility":"","ast-main-header-display":"","ast-hfb-above-header-display":"","ast-hfb-below-header-display":"","ast-hfb-mobile-header-display":"","site-post-title":"","ast-breadcrumbs-content":"","ast-featured-img":"","footer-sml-layout":"","ast-disable-related-posts":"","theme-transparent-header-meta":"","adv-header-id-meta":"","stick-header-meta":"","header-above-stick-meta":"","header-main-stick-meta":"","header-below-stick-meta":"","astra-migrate-meta-layouts":"default","ast-page-background-enabled":"default","ast-page-background-meta":{"desktop":{"background-color":"var(--ast-global-color-5)","background-image":"","background-repeat":"repeat","background-position":"center center","background-size":"auto","background-attachment":"scroll","background-type":"","background-media":"","overlay-type":"","overlay-color":"","overlay-opacity":"","overlay-gradient":""},"tablet":{"background-color":"","background-image":"","background-repeat":"repeat","background-position":"center center","background-size":"auto","background-attachment":"scroll","background-type":"","background-media":"","overlay-type":"","overlay-color":"","overlay-opacity":"","overlay-gradient":""},"mobile":{"background-color":"","background-image":"","background-repeat":"repeat","background-position":"center center","background-size":"auto","background-attachment":"scroll","background-type":"","background-media":"","overlay-type":"","overlay-color":"","overlay-opacity":"","overlay-gradient":""}},"ast-content-background-meta":{"desktop":{"background-color":"var(--ast-global-color-4)","background-image":"","background-repeat":"repeat","background-position":"center center","background-size":"auto","background-attachment":"scroll","background-type":"","background-media":"","overlay-type":"","overlay-color":"","overlay-opacity":"","overlay-gradient":""},"tablet":{"background-color":"var(--ast-global-color-4)","background-image":"","background-repeat":"repeat","background-position":"center center","background-size":"auto","background-attachment":"scroll","background-type":"","background-media":"","overlay-type":"","overlay-color":"","overlay-opacity":"","overlay-gradient":""},"mobile":{"background-color":"var(--ast-global-color-4)","background-image":"","background-repeat":"repeat","background-position":"center center","background-size":"auto","background-attachment":"scroll","background-type":"","background-media":"","overlay-type":"","overlay-color":"","overlay-opacity":"","overlay-gradient":""}},"footnotes":""},"aioseo_notices":[],"uagb_featured_image_src":{"full":false,"thumbnail":false,"medium":false,"medium_large":false,"large":false,"1536x1536":false,"2048x2048":false},"uagb_author_info":{"display_name":"elodiebarreaccompagnement-energetique.fr","author_link":"https:\/\/elodiebarreaccompagnement-energetique.fr\/author\/lesclesdelacommanderie-fr\/"},"uagb_comment_info":0,"uagb_excerpt":". Soins \u00e9nerg\u00e9tiques \u00e0 distanceFrance enti\u00e8re Je propose des soins \u00e9nerg\u00e9tiques \u00e0 distance pour les adultes et les mineurs, partout en France. Ancienne infirmi\u00e8re, j\u2019accompagne celles et ceux qui souhaitent avancer, se recentrer ou retrouver un nouvel \u00e9lan, sans contrainte g\u00e9ographique. Les soins \u00e9nerg\u00e9tiques \u00e0 distance sont propos\u00e9s du mardi au vendredi, sur rendez-vous. .\u2026","_links":{"self":[{"href":"https:\/\/elodiebarreaccompagnement-energetique.fr\/wp-json\/wp\/v2\/pages\/1835"}],"collection":[{"href":"https:\/\/elodiebarreaccompagnement-energetique.fr\/wp-json\/wp\/v2\/pages"}],"about":[{"href":"https:\/\/elodiebarreaccompagnement-energetique.fr\/wp-json\/wp\/v2\/types\/page"}],"author":[{"embeddable":true,"href":"https:\/\/elodiebarreaccompagnement-energetique.fr\/wp-json\/wp\/v2\/users\/1"}],"replies":[{"embeddable":true,"href":"https:\/\/elodiebarreaccompagnement-energetique.fr\/wp-json\/wp\/v2\/comments?post=1835"}],"version-history":[{"count":23,"href":"https:\/\/elodiebarreaccompagnement-energetique.fr\/wp-json\/wp\/v2\/pages\/1835\/revisions"}],"predecessor-version":[{"id":2771,"href":"https:\/\/elodiebarreaccompagnement-energetique.fr\/wp-json\/wp\/v2\/pages\/1835\/revisions\/2771"}],"wp:attachment":[{"href":"https:\/\/elodiebarreaccompagnement-energetique.fr\/wp-json\/wp\/v2\/media?parent=1835"}],"curies":[{"name":"wp","href":"https:\/\/api.w.org\/{rel}","templated":true}]}}