{"id":1834,"date":"2026-02-28T15:07:08","date_gmt":"2026-02-28T14:07:08","guid":{"rendered":"https:\/\/elodiebarreaccompagnement-energetique.fr\/?page_id=1834"},"modified":"2026-04-04T20:32:13","modified_gmt":"2026-04-04T18:32:13","slug":"liguge-pres-de-poitiers","status":"publish","type":"page","link":"https:\/\/elodiebarreaccompagnement-energetique.fr\/liguge-pres-de-poitiers\/","title":{"rendered":"Ligug\u00e9 (pr\u00e8s de Poitiers)"},"content":{"rendered":"\n<div class=\"wp-block-uagb-buttons uagb-buttons__outer-wrap uagb-btn__default-btn uagb-btn-tablet__default-btn uagb-btn-mobile__default-btn uagb-block-6db9a3cc\"><div class=\"uagb-buttons__wrap uagb-buttons-layout-wrap \">\n<div class=\"wp-block-uagb-buttons-child uagb-buttons__outer-wrap uagb-block-e5f9224e wp-block-button\"><div class=\"uagb-button__wrapper\"><a class=\"uagb-buttons-repeater wp-block-button__link\" aria-label=\"\" href=\"\/\/elodiebarreaccompagnementenergetique.setmore.com\/\" rel=\"follow noopener\" target=\"_blank\" role=\"button\"><div class=\"uagb-button__link\">PRENDRE RDV<\/div><\/a><\/div><\/div>\n<\/div><\/div>\n\n\n\n<p class=\"has-ast-global-color-4-color has-text-color has-link-color wp-elements-52d8b7e57e77b15b7ea529e6d9b9383b\">.<\/p>\n\n\n\n<h2 class=\"wp-block-heading has-text-align-center has-ast-global-color-3-color has-text-color has-link-color wp-elements-83e8eb43e078fec84c2819e59402f580\" style=\"font-size:25px\"><strong>Accompagnements \u00e9nerg\u00e9tiques <\/strong><br><strong>\u00e0 Ligug\u00e9 (86240)<\/strong><\/h2>\n\n\n\n<p class=\"has-text-align-center\">Je vous accueille sur rendez-vous <br>au centre <strong>Meta Morphoze<\/strong> \u00e0 Ligug\u00e9, <br>pr\u00e8s de Poitiers, dans un espace d\u00e9di\u00e9 <br>\u00e0 l\u2019accompagnement <br>et respectueux de votre intimit\u00e9.<\/p>\n\n\n\n<p class=\"has-text-align-center\"><strong>Ancienne infirmi\u00e8re<\/strong>, <br>j\u2019accompagne nourrissons, enfants, adolescents et adultes en qu\u00eate de <br><strong>clart\u00e9<\/strong>, de <strong>stabilit\u00e9<\/strong> et de <strong>nouvel \u00e9lan<\/strong>.<\/p>\n\n\n\n<p class=\"has-ast-global-color-4-color has-text-color has-link-color wp-elements-52d8b7e57e77b15b7ea529e6d9b9383b\">.<\/p>\n\n\n\n<div class=\"wp-block-group has-ast-global-color-5-background-color has-background is-layout-constrained wp-block-group-is-layout-constrained\" style=\"border-radius:10px\">\n<h3 class=\"wp-block-heading has-text-align-center has-ast-global-color-3-color has-text-color has-link-color has-medium-font-size wp-elements-846649099294311a5cb067a6e8e1f3f7\"><strong>Pour qui ?<\/strong><\/h3>\n\n\n\n<ul>\n<li>Nourrissons et jeunes enfants<\/li>\n\n\n\n<li>Enfants et adolescents<\/li>\n\n\n\n<li>Adultes<\/li>\n\n\n\n<li>Sportifs et dirigeants<\/li>\n<\/ul>\n\n\n\n<p class=\"has-text-align-center has-small-font-size\">Chaque s\u00e9ance est adapt\u00e9e \u00e0 l\u2019\u00e2ge, au rythme <br>et \u00e0 la situation de chacun.<\/p>\n<\/div>\n\n\n\n<p class=\"has-ast-global-color-4-color has-text-color has-link-color wp-elements-52d8b7e57e77b15b7ea529e6d9b9383b\">.<\/p>\n\n\n\n<div class=\"wp-block-group has-ast-global-color-5-background-color has-background is-layout-constrained wp-block-group-is-layout-constrained\" style=\"border-radius:10px\">\n<h3 class=\"wp-block-heading has-text-align-center has-medium-font-size\">Pourquoi venir ?<\/h3>\n\n\n\n<ul>\n<li>Stress, fatigue, surcharge mentale<\/li>\n\n\n\n<li>Anxi\u00e9t\u00e9, \u00e9motions envahissantes<\/li>\n\n\n\n<li>Douleurs, tensions persistantes<\/li>\n\n\n\n<li>Troubles du sommeil<\/li>\n\n\n\n<li>Blocages, difficult\u00e9 \u00e0 avancer<\/li>\n\n\n\n<li>Transitions de vie, changements<\/li>\n\n\n\n<li>Deuil, s\u00e9paration<\/li>\n\n\n\n<li>Mal-\u00eatre, perte d\u2019\u00e9lan<\/li>\n\n\n\n<li>Manque de clart\u00e9, perte de rep\u00e8res<\/li>\n\n\n\n<li>Difficult\u00e9s scolaires, concentration<\/li>\n\n\n\n<li>Troubles \u00e9motionnels enfant, adolescent<\/li>\n\n\n\n<li>Nourrissons (sommeil, agitation, pleurs)<\/li>\n\n\n\n<li>Liste non exhaustive &#8230;<br><\/li>\n<\/ul>\n<\/div>\n\n\n\n<p class=\"has-ast-global-color-4-color has-text-color has-link-color wp-elements-4c0d4c5ee421ded3f1f9726e86778b4c\">&#8230;<\/p>\n\n\n\n<p><\/p>\n\n\n\n<div class=\"wp-block-group has-ast-global-color-5-background-color has-background is-layout-constrained wp-block-group-is-layout-constrained\" style=\"border-radius:10px\">\n<h3 class=\"wp-block-heading has-text-align-center has-ast-global-color-3-color has-text-color has-link-color has-medium-font-size wp-elements-210df214fd54ee3b2e14c463b28be870\"><strong>D\u00e9roulement d\u2019une s\u00e9ance<\/strong><\/h3>\n\n\n\n<p>Chaque accompagnement d\u00e9bute par un <strong>temps d\u2019\u00e9change<\/strong> afin de comprendre votre situation et votre intention.<\/p>\n\n\n\n<p>Le soin \u00e9nerg\u00e9tique se d\u00e9roule ensuite<strong> habill\u00e9<\/strong>, g\u00e9n\u00e9ralement allong\u00e9.<br>Une adaptation est toujours possible selon l\u2019\u00e2ge ou les besoins.<\/p>\n\n\n\n<p>Un temps de retour cl\u00f4ture la s\u00e9ance afin d\u2019<strong>int\u00e9grer ce qui a \u00e9merg\u00e9<\/strong>.<\/p>\n<\/div>\n\n\n\n<p class=\"has-ast-global-color-4-color has-text-color has-link-color wp-elements-52d8b7e57e77b15b7ea529e6d9b9383b\">.<\/p>\n\n\n\n<div class=\"wp-block-group has-ast-global-color-5-background-color has-background is-layout-constrained wp-block-group-is-layout-constrained\" style=\"border-radius:10px\">\n<h3 class=\"wp-block-heading has-text-align-center has-ast-global-color-3-color has-text-color has-link-color has-medium-font-size wp-elements-a6f4ef3f586b97c52df6c838816a1687\"><strong>Dur\u00e9e<\/strong>, <strong>tarifs <\/strong><br>et moyens de paiement<\/h3>\n\n\n\n<p><strong>\u2022 \u00c0 partir de 16 ans<br><\/strong>Environ 2 heures \u2013 80 \u20ac<\/p>\n\n\n\n<p><strong>\u2022 Moins de 16 ans<br><\/strong>Environ 1 heure \u2013 70 \u20ac<br>Pr\u00e9sence d\u2019un repr\u00e9sentant l\u00e9gal obligatoire.<\/p>\n\n\n\n<p class=\"has-ast-global-color-4-color has-text-color has-link-color wp-elements-52d8b7e57e77b15b7ea529e6d9b9383b\">.<\/p>\n\n\n\n<p><strong>Moyens de paiement accept\u00e9s :<br><\/strong>Ch\u00e8que, esp\u00e8ces, virement (privil\u00e9gi\u00e9s).<br>Carte bancaire possible si besoin.<\/p>\n\n\n\n<p class=\"has-ast-global-color-4-color has-text-color has-link-color wp-elements-52d8b7e57e77b15b7ea529e6d9b9383b\">.<\/p>\n\n\n\n<figure class=\"wp-block-image aligncenter size-large is-resized has-custom-border\"><img loading=\"lazy\" decoding=\"async\" width=\"1024\" height=\"1024\" src=\"https:\/\/elodiebarreaccompagnement-energetique.fr\/wp-content\/uploads\/2026\/03\/Liguge_-gestion_des-emotion_stress-1024x1024.png\" alt=\"cabinet de soins \u00e9nerg\u00e9tiques \u00e0 Ligug\u00e9 (86240) pr\u00e8s de Poitiers \u2013 \u00c9lodie Barr\u00e9\" class=\"has-border-color wp-image-2154\" style=\"border-color:#68735a;border-width:4px;border-radius:34px;width:500px\" srcset=\"https:\/\/elodiebarreaccompagnement-energetique.fr\/wp-content\/uploads\/2026\/03\/Liguge_-gestion_des-emotion_stress-1024x1024.png 1024w, https:\/\/elodiebarreaccompagnement-energetique.fr\/wp-content\/uploads\/2026\/03\/Liguge_-gestion_des-emotion_stress-300x300.png 300w, https:\/\/elodiebarreaccompagnement-energetique.fr\/wp-content\/uploads\/2026\/03\/Liguge_-gestion_des-emotion_stress-150x150.png 150w, https:\/\/elodiebarreaccompagnement-energetique.fr\/wp-content\/uploads\/2026\/03\/Liguge_-gestion_des-emotion_stress-768x768.png 768w, https:\/\/elodiebarreaccompagnement-energetique.fr\/wp-content\/uploads\/2026\/03\/Liguge_-gestion_des-emotion_stress-600x600.png 600w, https:\/\/elodiebarreaccompagnement-energetique.fr\/wp-content\/uploads\/2026\/03\/Liguge_-gestion_des-emotion_stress-100x100.png 100w, https:\/\/elodiebarreaccompagnement-energetique.fr\/wp-content\/uploads\/2026\/03\/Liguge_-gestion_des-emotion_stress.png 1080w\" sizes=\"(max-width: 1024px) 100vw, 1024px\" \/><\/figure>\n<\/div>\n\n\n\n<p class=\"has-ast-global-color-4-color has-text-color has-link-color wp-elements-52d8b7e57e77b15b7ea529e6d9b9383b\">.<\/p>\n\n\n\n<div class=\"wp-block-group has-ast-global-color-5-background-color has-background is-layout-constrained wp-block-group-is-layout-constrained\" style=\"border-radius:10px\">\n<h3 class=\"wp-block-heading has-text-align-center has-ast-global-color-3-color has-text-color has-link-color has-medium-font-size wp-elements-52280d9ba1c7a0bf8b0b491a02e7a9fa\"><strong>Jour de pr\u00e9sence \u00e0 Ligug\u00e9<\/strong><\/h3>\n\n\n\n<p style=\"font-size:16px\"><span style=\"white-space-collapse: collapse;\">Les accompagnements au cabinet de Ligug\u00e9 ont lieu&nbsp;<\/span><span style=\"white-space-collapse: collapse; box-sizing: inherit; font-weight: 700;\">chaque lundi<\/span><span style=\"white-space-collapse: collapse;\">.<\/span><\/p>\n\n\n\n<p>Les s\u00e9ances se d\u00e9roulent <strong>uniquement sur rendez-vous.<\/strong><\/p>\n<\/div>\n\n\n\n<p class=\"has-ast-global-color-4-color has-text-color has-link-color wp-elements-52d8b7e57e77b15b7ea529e6d9b9383b\">.<\/p>\n\n\n\n<div class=\"wp-block-group has-ast-global-color-5-background-color has-background is-layout-constrained wp-block-group-is-layout-constrained\" style=\"border-radius:10px\">\n<h3 class=\"wp-block-heading has-text-align-center has-ast-global-color-3-color has-text-color has-link-color has-medium-font-size wp-elements-4c83cdbd36821cf0ae85cf1230f6b7f1\"><strong>Le cabinet \u00e0 Ligug\u00e9<\/strong><\/h3>\n\n\n\n<p>Praticienne en soins \u00e9nerg\u00e9tiques au centre Meta MorphOze \u00e0 Ligug\u00e9 (86240), pr\u00e8s de Poitiers, j\u2019interviens aupr\u00e8s des <strong>adultes<\/strong> et des <strong>mineurs<\/strong>.<\/p>\n\n\n\n<p>Meta MorphOze est un lieu d\u00e9di\u00e9 au d\u00e9veloppement personnel, aux accompagnements et au coworking (espace de travail partag\u00e9). Mon accompagnement \u00e9nerg\u00e9tique s\u2019inscrit dans cet <strong>environnement dynamique et structurant<\/strong>.<\/p>\n\n\n\n<p>Les s\u00e9ances se d\u00e9roulent dans une <strong>salle d\u00e9di\u00e9e au soin<\/strong>, au sein d\u2019un lieu vivant qui propose \u00e9galement des <strong>espaces de pause<\/strong>, la <strong>possibilit\u00e9 de d\u00e9jeuner sur place<\/strong>, de prendre des <strong>boissons<\/strong> et de profiter de quelques <strong>gourmandises<\/strong>.<\/p>\n\n\n\n<p>Vous b\u00e9n\u00e9ficiez ainsi d\u2019un <strong>cadre professionnel et inspirant<\/strong>, tout en conservant un espace respectueux de votre rythme.<\/p>\n<\/div>\n\n\n\n<p class=\"has-ast-global-color-4-color has-text-color has-link-color wp-elements-52d8b7e57e77b15b7ea529e6d9b9383b\">.<\/p>\n\n\n\n<div class=\"wp-block-group has-ast-global-color-5-background-color has-background is-layout-constrained wp-block-group-is-layout-constrained\" style=\"border-radius:10px\">\n<h3 class=\"wp-block-heading has-text-align-center has-ast-global-color-3-color has-text-color has-link-color has-medium-font-size wp-elements-250d6b685ed51d1a703f52da0d0c6ada\"><strong>Acc\u00e8s au cabinet de Ligug\u00e9<\/strong><\/h3>\n\n\n\n<p><strong>2 Grand rue<\/strong><br><strong>86240 Ligug\u00e9<\/strong><\/p>\n\n\n\n<p>\u00c0 quelques minutes de Poitiers<br>Vienne, Nouvelle-Aquitaine<\/p>\n\n\n\n<p class=\"has-text-align-center has-ast-global-color-2-color has-text-color has-link-color wp-elements-7cf3935fbe32153e18994fa946f696b3\"><strong>Cabinet accessible <\/strong><br><strong>sur rendez-vous uniquement.<\/strong><\/p>\n\n\n\n<div class=\"wp-block-uagb-buttons uagb-buttons__outer-wrap uagb-btn__default-btn uagb-btn-tablet__default-btn uagb-btn-mobile__default-btn uagb-block-18b1c5d8\"><div class=\"uagb-buttons__wrap uagb-buttons-layout-wrap \">\n<div class=\"wp-block-uagb-buttons-child uagb-buttons__outer-wrap uagb-block-b8eb30ac wp-block-button\"><div class=\"uagb-button__wrapper\"><a class=\"uagb-buttons-repeater wp-block-button__link\" aria-label=\"\" href=\"https:\/\/maps.app.goo.gl\/HwUfj9JR1qoucSLN7?g_st=iwb\" rel=\"follow noopener\" target=\"_blank\" role=\"button\"><div class=\"uagb-button__link\">Ouvrir dans Google Maps<\/div><\/a><\/div><\/div>\n<\/div><\/div>\n\n\n\n<div class=\"wp-block-uagb-buttons uagb-buttons__outer-wrap uagb-btn__default-btn uagb-btn-tablet__default-btn uagb-btn-mobile__default-btn uagb-block-dd8ab811\"><div class=\"uagb-buttons__wrap uagb-buttons-layout-wrap \">\n<div class=\"wp-block-uagb-buttons-child uagb-buttons__outer-wrap uagb-block-28f3ff2e wp-block-button\"><div class=\"uagb-button__wrapper\"><a class=\"uagb-buttons-repeater wp-block-button__link\" aria-label=\"\" href=\"https:\/\/waze.com\/ul?q=2+Grand+Rue+86240+Ligug%C3%A9\" rel=\"follow noopener\" target=\"_blank\" role=\"button\"><div class=\"uagb-button__link\">Ouvrir dans Waze<\/div><\/a><\/div><\/div>\n<\/div><\/div>\n\n\n\n<p class=\"has-ast-global-color-4-color has-text-color has-link-color wp-elements-52d8b7e57e77b15b7ea529e6d9b9383b\">.<\/p>\n\n\n\n<figure class=\"wp-block-image aligncenter size-large is-resized has-custom-border\"><img loading=\"lazy\" decoding=\"async\" width=\"1024\" height=\"1024\" src=\"https:\/\/elodiebarreaccompagnement-energetique.fr\/wp-content\/uploads\/2026\/03\/Liguge_burn_out_fatigue-1024x1024.png\" alt=\"cabinet de soins \u00e9nerg\u00e9tiques fontaine le comte _ Poitiers _ Saint Beno\u00eet _ Croutelle _ Iteuil _ Smarves\" class=\"has-border-color has-ast-global-color-3-border-color wp-image-2157\" style=\"border-width:4px;border-radius:34px;width:500px\" srcset=\"https:\/\/elodiebarreaccompagnement-energetique.fr\/wp-content\/uploads\/2026\/03\/Liguge_burn_out_fatigue-1024x1024.png 1024w, https:\/\/elodiebarreaccompagnement-energetique.fr\/wp-content\/uploads\/2026\/03\/Liguge_burn_out_fatigue-300x300.png 300w, https:\/\/elodiebarreaccompagnement-energetique.fr\/wp-content\/uploads\/2026\/03\/Liguge_burn_out_fatigue-150x150.png 150w, https:\/\/elodiebarreaccompagnement-energetique.fr\/wp-content\/uploads\/2026\/03\/Liguge_burn_out_fatigue-768x768.png 768w, https:\/\/elodiebarreaccompagnement-energetique.fr\/wp-content\/uploads\/2026\/03\/Liguge_burn_out_fatigue-600x600.png 600w, https:\/\/elodiebarreaccompagnement-energetique.fr\/wp-content\/uploads\/2026\/03\/Liguge_burn_out_fatigue-100x100.png 100w, https:\/\/elodiebarreaccompagnement-energetique.fr\/wp-content\/uploads\/2026\/03\/Liguge_burn_out_fatigue.png 1080w\" sizes=\"(max-width: 1024px) 100vw, 1024px\" \/><\/figure>\n\n\n\n<p class=\"has-ast-global-color-4-color has-text-color has-link-color wp-elements-52d8b7e57e77b15b7ea529e6d9b9383b\">.<\/p>\n\n\n\n<figure class=\"wp-block-image aligncenter size-large is-resized has-custom-border is-style-rounded\"><img loading=\"lazy\" decoding=\"async\" width=\"1024\" height=\"1024\" src=\"https:\/\/elodiebarreaccompagnement-energetique.fr\/wp-content\/uploads\/2026\/03\/energeticienne-poitiers_liguge_soins_energetiques-1024x1024.png\" alt=\"meilleure \u00e9nerg\u00e9ticienne _ Poitiers _ Vienne _ 86\" class=\"has-border-color wp-image-2158\" style=\"border-color:var(--ast-global-color-0);border-radius:34px;width:500px\" srcset=\"https:\/\/elodiebarreaccompagnement-energetique.fr\/wp-content\/uploads\/2026\/03\/energeticienne-poitiers_liguge_soins_energetiques-1024x1024.png 1024w, https:\/\/elodiebarreaccompagnement-energetique.fr\/wp-content\/uploads\/2026\/03\/energeticienne-poitiers_liguge_soins_energetiques-300x300.png 300w, https:\/\/elodiebarreaccompagnement-energetique.fr\/wp-content\/uploads\/2026\/03\/energeticienne-poitiers_liguge_soins_energetiques-150x150.png 150w, https:\/\/elodiebarreaccompagnement-energetique.fr\/wp-content\/uploads\/2026\/03\/energeticienne-poitiers_liguge_soins_energetiques-768x768.png 768w, https:\/\/elodiebarreaccompagnement-energetique.fr\/wp-content\/uploads\/2026\/03\/energeticienne-poitiers_liguge_soins_energetiques-600x600.png 600w, https:\/\/elodiebarreaccompagnement-energetique.fr\/wp-content\/uploads\/2026\/03\/energeticienne-poitiers_liguge_soins_energetiques-100x100.png 100w, https:\/\/elodiebarreaccompagnement-energetique.fr\/wp-content\/uploads\/2026\/03\/energeticienne-poitiers_liguge_soins_energetiques.png 1080w\" sizes=\"(max-width: 1024px) 100vw, 1024px\" \/><\/figure>\n<\/div>\n\n\n\n<p class=\"has-ast-global-color-4-color has-text-color has-link-color wp-elements-52d8b7e57e77b15b7ea529e6d9b9383b\">.<\/p>\n\n\n\n<div class=\"wp-block-uagb-buttons uagb-buttons__outer-wrap uagb-btn__default-btn uagb-btn-tablet__default-btn uagb-btn-mobile__default-btn uagb-block-e26cd439\"><div class=\"uagb-buttons__wrap uagb-buttons-layout-wrap \">\n<div class=\"wp-block-uagb-buttons-child uagb-buttons__outer-wrap uagb-block-425397f0 wp-block-button\"><div class=\"uagb-button__wrapper\"><a class=\"uagb-buttons-repeater wp-block-button__link\" aria-label=\"\" href=\"https:\/\/elodiebarreaccompagnement-energetique.fr\/?page_id=1838\" rel=\"follow noopener\" target=\"_blank\" role=\"button\"><div class=\"uagb-button__link\">Consulter la FAQ <br><br>(Foire Aux Questions)<\/div><\/a><\/div><\/div>\n<\/div><\/div>\n\n\n\n<p class=\"has-ast-global-color-4-color has-text-color has-link-color wp-elements-6a28bc87ddb17a02a5993dda6f5d3dd1\">..<\/p>\n\n\n\n<p class=\"has-text-align-center has-ast-global-color-4-color has-ast-global-color-2-background-color has-text-color has-background has-link-color has-medium-font-size wp-elements-2e1170da280f65cf085841c2a212e730\"><strong><a href=\"https:\/\/elodiebarreaccompagnementenergetique.setmore.com\/\" target=\"_blank\" rel=\"noopener\" title=\"\">Les cr\u00e9neaux du lundi au centre Meta MorphOze sont r\u00e9servables en ligne en cliquant ici.<\/a><\/strong><\/p>\n\n\n\n<p class=\"has-ast-global-color-4-color has-text-color has-link-color wp-elements-52d8b7e57e77b15b7ea529e6d9b9383b\">.<\/p>\n\n\n\n<p class=\"has-ast-global-color-4-color has-text-color has-link-color wp-elements-52d8b7e57e77b15b7ea529e6d9b9383b\">.<\/p>\n\n\n\n<p class=\"has-ast-global-color-4-color has-text-color has-link-color wp-elements-52d8b7e57e77b15b7ea529e6d9b9383b\">.<\/p>\n\n\n\n<p class=\"has-text-align-center\">\u26a0 Les soins \u00e9nerg\u00e9tiques ne remplacent pas un suivi m\u00e9dical ou psychologique.<\/p>\n","protected":false},"excerpt":{"rendered":"<p>. Accompagnements \u00e9nerg\u00e9tiques \u00e0 Ligug\u00e9 (86240) Je vous accueille sur rendez-vous au centre Meta Morphoze \u00e0 Ligug\u00e9, pr\u00e8s de Poitiers, dans un espace d\u00e9di\u00e9 \u00e0 l\u2019accompagnement et respectueux de votre intimit\u00e9. Ancienne infirmi\u00e8re, j\u2019accompagne nourrissons, enfants, adolescents et adultes en qu\u00eate de clart\u00e9, de stabilit\u00e9 et de nouvel \u00e9lan. . Pour qui ? Chaque s\u00e9ance [&hellip;]<\/p>\n","protected":false},"author":1,"featured_media":0,"parent":0,"menu_order":0,"comment_status":"closed","ping_status":"closed","template":"","meta":{"_uag_custom_page_level_css":"","site-sidebar-layout":"default","site-content-layout":"","ast-site-content-layout":"default","site-content-style":"default","site-sidebar-style":"default","ast-global-header-display":"","ast-banner-title-visibility":"","ast-main-header-display":"","ast-hfb-above-header-display":"","ast-hfb-below-header-display":"","ast-hfb-mobile-header-display":"","site-post-title":"","ast-breadcrumbs-content":"","ast-featured-img":"","footer-sml-layout":"","ast-disable-related-posts":"","theme-transparent-header-meta":"","adv-header-id-meta":"","stick-header-meta":"","header-above-stick-meta":"","header-main-stick-meta":"","header-below-stick-meta":"","astra-migrate-meta-layouts":"default","ast-page-background-enabled":"default","ast-page-background-meta":{"desktop":{"background-color":"var(--ast-global-color-5)","background-image":"","background-repeat":"repeat","background-position":"center center","background-size":"auto","background-attachment":"scroll","background-type":"","background-media":"","overlay-type":"","overlay-color":"","overlay-opacity":"","overlay-gradient":""},"tablet":{"background-color":"","background-image":"","background-repeat":"repeat","background-position":"center center","background-size":"auto","background-attachment":"scroll","background-type":"","background-media":"","overlay-type":"","overlay-color":"","overlay-opacity":"","overlay-gradient":""},"mobile":{"background-color":"","background-image":"","background-repeat":"repeat","background-position":"center center","background-size":"auto","background-attachment":"scroll","background-type":"","background-media":"","overlay-type":"","overlay-color":"","overlay-opacity":"","overlay-gradient":""}},"ast-content-background-meta":{"desktop":{"background-color":"var(--ast-global-color-4)","background-image":"","background-repeat":"repeat","background-position":"center center","background-size":"auto","background-attachment":"scroll","background-type":"","background-media":"","overlay-type":"","overlay-color":"","overlay-opacity":"","overlay-gradient":""},"tablet":{"background-color":"var(--ast-global-color-4)","background-image":"","background-repeat":"repeat","background-position":"center center","background-size":"auto","background-attachment":"scroll","background-type":"","background-media":"","overlay-type":"","overlay-color":"","overlay-opacity":"","overlay-gradient":""},"mobile":{"background-color":"var(--ast-global-color-4)","background-image":"","background-repeat":"repeat","background-position":"center center","background-size":"auto","background-attachment":"scroll","background-type":"","background-media":"","overlay-type":"","overlay-color":"","overlay-opacity":"","overlay-gradient":""}},"footnotes":""},"aioseo_notices":[],"uagb_featured_image_src":{"full":false,"thumbnail":false,"medium":false,"medium_large":false,"large":false,"1536x1536":false,"2048x2048":false},"uagb_author_info":{"display_name":"elodiebarreaccompagnement-energetique.fr","author_link":"https:\/\/elodiebarreaccompagnement-energetique.fr\/author\/lesclesdelacommanderie-fr\/"},"uagb_comment_info":0,"uagb_excerpt":". Accompagnements \u00e9nerg\u00e9tiques \u00e0 Ligug\u00e9 (86240) Je vous accueille sur rendez-vous au centre Meta Morphoze \u00e0 Ligug\u00e9, pr\u00e8s de Poitiers, dans un espace d\u00e9di\u00e9 \u00e0 l\u2019accompagnement et respectueux de votre intimit\u00e9. Ancienne infirmi\u00e8re, j\u2019accompagne nourrissons, enfants, adolescents et adultes en qu\u00eate de clart\u00e9, de stabilit\u00e9 et de nouvel \u00e9lan. . Pour qui ? Chaque s\u00e9ance\u2026","_links":{"self":[{"href":"https:\/\/elodiebarreaccompagnement-energetique.fr\/wp-json\/wp\/v2\/pages\/1834"}],"collection":[{"href":"https:\/\/elodiebarreaccompagnement-energetique.fr\/wp-json\/wp\/v2\/pages"}],"about":[{"href":"https:\/\/elodiebarreaccompagnement-energetique.fr\/wp-json\/wp\/v2\/types\/page"}],"author":[{"embeddable":true,"href":"https:\/\/elodiebarreaccompagnement-energetique.fr\/wp-json\/wp\/v2\/users\/1"}],"replies":[{"embeddable":true,"href":"https:\/\/elodiebarreaccompagnement-energetique.fr\/wp-json\/wp\/v2\/comments?post=1834"}],"version-history":[{"count":26,"href":"https:\/\/elodiebarreaccompagnement-energetique.fr\/wp-json\/wp\/v2\/pages\/1834\/revisions"}],"predecessor-version":[{"id":2772,"href":"https:\/\/elodiebarreaccompagnement-energetique.fr\/wp-json\/wp\/v2\/pages\/1834\/revisions\/2772"}],"wp:attachment":[{"href":"https:\/\/elodiebarreaccompagnement-energetique.fr\/wp-json\/wp\/v2\/media?parent=1834"}],"curies":[{"name":"wp","href":"https:\/\/api.w.org\/{rel}","templated":true}]}}